{"id":2,"date":"2025-09-23T12:16:30","date_gmt":"2025-09-23T12:16:30","guid":{"rendered":"https:\/\/officemanager.se\/?page_id=2"},"modified":"2025-12-05T12:55:23","modified_gmt":"2025-12-05T12:55:23","slug":"sample-page","status":"publish","type":"page","link":"https:\/\/stage17dec.officemanager.se\/index.php\/sample-page\/","title":{"rendered":"Om oss"},"content":{"rendered":"\n<p class=\"has-medium-font-size\" style=\"font-style:normal;font-weight:300\"><strong>Hos oss hittar du noga utvalda kontorsartiklar f\u00f6r dina behov! <br><\/strong><br>Vi har under v\u00e5ra m\u00e5nga kundbes\u00f6k genom \u00e5ren samlat p\u00e5 oss erfarenheter som g\u00f6r att vi v\u00e5gar p\u00e5st\u00e5 att vi vet vad ni efterfr\u00e5gar.  I v\u00e5r butik h\u00e4r p\u00e5 n\u00e4tet finns ett urval av de artiklar som efterfr\u00e5gas mest baserat p\u00e5 en balans mellan kvalitet och pris. <\/p>\n\n\n<div class=\"wp-block-image\">\n<figure class=\"aligncenter size-full\"><img loading=\"lazy\" decoding=\"async\" width=\"1140\" height=\"173\" src=\"https:\/\/stage17dec.officemanager.se\/wp-content\/uploads\/2025\/12\/logorad-2rader.png\" alt=\"N\u00e5gra av de varum\u00e4rken Office Manager arbetar med\" class=\"wp-image-944\" srcset=\"https:\/\/stage17dec.officemanager.se\/wp-content\/uploads\/2025\/12\/logorad-2rader.png 1140w, https:\/\/stage17dec.officemanager.se\/wp-content\/uploads\/2025\/12\/logorad-2rader-300x46.png 300w, https:\/\/stage17dec.officemanager.se\/wp-content\/uploads\/2025\/12\/logorad-2rader-1024x155.png 1024w, https:\/\/stage17dec.officemanager.se\/wp-content\/uploads\/2025\/12\/logorad-2rader-768x117.png 768w, https:\/\/stage17dec.officemanager.se\/wp-content\/uploads\/2025\/12\/logorad-2rader-416x63.png 416w\" sizes=\"auto, (max-width: 1140px) 100vw, 1140px\" \/><\/figure>\n<\/div>\n\n\n<p class=\"has-medium-font-size\" style=\"font-style:normal;font-weight:300\">Som n\u00e5gra av v\u00e5ra kunder s\u00e4ger:<\/p>\n\n\n\n<blockquote class=\"wp-block-quote is-layout-flow wp-block-quote-is-layout-flow\">\n<p class=\"has-medium-font-size\" style=\"font-style:italic;font-weight:300\">S\u00e5 sk\u00f6nt att inte beh\u00f6va s\u00f6ka bland 1000-tals produkter f\u00f6r att hitta den penna man vill ha. \/Anna, kontorschef<\/p>\n<\/blockquote>\n\n\n\n<p><\/p>\n\n\n\n<blockquote class=\"wp-block-quote is-layout-flow wp-block-quote-is-layout-flow\">\n<p class=\"has-medium-font-size\" style=\"font-style:italic;font-weight:300\">Smart att det nu finns en kategori f\u00f6r oss advokater, h\u00e4r hittar jag det vi beh\u00f6ver. \/Johanna, assistent<\/p>\n<\/blockquote>\n\n\n\n<blockquote class=\"wp-block-quote is-layout-flow wp-block-quote-is-layout-flow\">\n<p class=\"has-medium-font-size\" style=\"font-style:italic;font-weight:300\">Det k\u00e4nns tryggt att veta att det vi best\u00e4llt h\u00e5ller god kvalitet. \/Lars-G\u00f6ran, ekonomichef <\/p>\n<\/blockquote>\n\n\n\n<p><\/p>\n\n\n\n<blockquote class=\"wp-block-quote is-layout-flow wp-block-quote-is-layout-flow\">\n<p class=\"has-medium-font-size\" style=\"font-style:italic;font-weight:300\">Enkelt att navigera p\u00e5 sidan. La en order :D. \/ h\u00e4lsningar fr\u00e5n en trogen kund<\/p>\n<\/blockquote>\n\n\n\n<div style=\"height:33px\" aria-hidden=\"true\" class=\"wp-block-spacer\"><\/div>\n\n\n\n<p class=\"has-medium-font-size\" style=\"font-style:normal;font-weight:300\">Vi ser fram emot att \u00e4ven f\u00e5 dig som kund, s\u00e5 bes\u00f6k v\u00e5r <a href=\"https:\/\/stage17dec.officemanager.se\/index.php\/butik\/\" data-type=\"page\" data-id=\"6\">butik<\/a> och registrera ditt konto idag. V\u00e4lkommen!<br><br><strong>PS.<\/strong>  \u00c4r du (eller vill bli) \u00e5terkommande kund? H\u00f6r av dig till oss f\u00f6r <mark style=\"background-color:rgba(0, 0, 0, 0)\" class=\"has-inline-color has-vivid-cyan-blue-color\"><em>Din unika rabatt!<\/em><\/mark><br><\/p>\n\n\n\n<div class=\"wp-block-buttons is-layout-flex wp-block-buttons-is-layout-flex\">\n<div class=\"wp-block-button\"><a class=\"wp-block-button__link has-text-align-center wp-element-button\" href=\"https:\/\/stage17dec.officemanager.se\/index.php\/butik\/\">Butik<\/a><\/div>\n<\/div>\n\n\n\n<p style=\"font-style:normal;font-weight:300\"><br>Office Manager AB har s\u00e5lt kontorsmaterial till f\u00f6retag, organisationer, kommuner, regioner och staten sedan 2006.<br><br>Office Manager AB (org.nr: 556710-8484)<br>Finlandsgatan 36<br>164 74 Kista<br>073-720 96 73<br>info@officemanager.se<\/p>\n","protected":false},"excerpt":{"rendered":"<p>Hos oss hittar du noga utvalda kontorsartiklar f\u00f6r dina behov! Vi har under v\u00e5ra m\u00e5nga kundbes\u00f6k genom \u00e5ren samlat p\u00e5 oss erfarenheter som g\u00f6r att vi v\u00e5gar p\u00e5st\u00e5 att vi vet vad ni efterfr\u00e5gar. I v\u00e5r butik h\u00e4r p\u00e5 n\u00e4tet finns ett urval av de artiklar som efterfr\u00e5gas mest baserat p\u00e5 en balans mellan kvalitet [&hellip;]<\/p>\n","protected":false},"author":1,"featured_media":0,"parent":0,"menu_order":0,"comment_status":"closed","ping_status":"open","template":"","meta":{"footnotes":""},"class_list":["post-2","page","type-page","status-publish","hentry"],"jetpack_sharing_enabled":true,"_links":{"self":[{"href":"https:\/\/stage17dec.officemanager.se\/index.php\/wp-json\/wp\/v2\/pages\/2","targetHints":{"allow":["GET"]}}],"collection":[{"href":"https:\/\/stage17dec.officemanager.se\/index.php\/wp-json\/wp\/v2\/pages"}],"about":[{"href":"https:\/\/stage17dec.officemanager.se\/index.php\/wp-json\/wp\/v2\/types\/page"}],"author":[{"embeddable":true,"href":"https:\/\/stage17dec.officemanager.se\/index.php\/wp-json\/wp\/v2\/users\/1"}],"replies":[{"embeddable":true,"href":"https:\/\/stage17dec.officemanager.se\/index.php\/wp-json\/wp\/v2\/comments?post=2"}],"version-history":[{"count":30,"href":"https:\/\/stage17dec.officemanager.se\/index.php\/wp-json\/wp\/v2\/pages\/2\/revisions"}],"predecessor-version":[{"id":947,"href":"https:\/\/stage17dec.officemanager.se\/index.php\/wp-json\/wp\/v2\/pages\/2\/revisions\/947"}],"wp:attachment":[{"href":"https:\/\/stage17dec.officemanager.se\/index.php\/wp-json\/wp\/v2\/media?parent=2"}],"curies":[{"name":"wp","href":"https:\/\/api.w.org\/{rel}","templated":true}]}}