{"id":657,"date":"2025-10-30T14:33:27","date_gmt":"2025-10-30T14:33:27","guid":{"rendered":"https:\/\/officemanager.se\/?page_id=657"},"modified":"2025-12-08T10:31:24","modified_gmt":"2025-12-08T10:31:24","slug":"kontakt","status":"publish","type":"page","link":"https:\/\/stage17dec.officemanager.se\/index.php\/kontakt\/","title":{"rendered":"Kontakt"},"content":{"rendered":"\n<h4 class=\"wp-block-heading\">\u00c4r du (eller vill bli) \u00e5terkommande kund? H\u00f6r av dig till oss f\u00f6r <strong>Din unika rabatt!<\/strong><\/h4>\n\n\n\n<h4 class=\"wp-block-heading\">Och hittar du inte den kontorsartikel du s\u00f6ker? Meddela oss s\u00e5 ordnar vi det! \ud83d\ude00<\/h4>\n\n\n\n<p><\/p>\n\n\n<div class=\"wp-block-jetpack-contact-form is-style-animated\"><a href=\"https:\/\/stage17dec.officemanager.se\/index.php\/kontakt\/\" target=\"_blank\" rel=\"noopener noreferrer\">Skicka ett formul\u00e4r.<\/a><\/div>\n\n\n<p><\/p>\n","protected":false},"excerpt":{"rendered":"<p>\u00c4r du (eller vill bli) \u00e5terkommande kund? H\u00f6r av dig till oss f\u00f6r Din unika rabatt! Och hittar du inte den kontorsartikel du s\u00f6ker? Meddela oss s\u00e5 ordnar vi det! \ud83d\ude00<\/p>\n","protected":false},"author":4,"featured_media":0,"parent":0,"menu_order":0,"comment_status":"closed","ping_status":"closed","template":"","meta":{"footnotes":""},"class_list":["post-657","page","type-page","status-publish","hentry"],"jetpack_sharing_enabled":true,"_links":{"self":[{"href":"https:\/\/stage17dec.officemanager.se\/index.php\/wp-json\/wp\/v2\/pages\/657","targetHints":{"allow":["GET"]}}],"collection":[{"href":"https:\/\/stage17dec.officemanager.se\/index.php\/wp-json\/wp\/v2\/pages"}],"about":[{"href":"https:\/\/stage17dec.officemanager.se\/index.php\/wp-json\/wp\/v2\/types\/page"}],"author":[{"embeddable":true,"href":"https:\/\/stage17dec.officemanager.se\/index.php\/wp-json\/wp\/v2\/users\/4"}],"replies":[{"embeddable":true,"href":"https:\/\/stage17dec.officemanager.se\/index.php\/wp-json\/wp\/v2\/comments?post=657"}],"version-history":[{"count":10,"href":"https:\/\/stage17dec.officemanager.se\/index.php\/wp-json\/wp\/v2\/pages\/657\/revisions"}],"predecessor-version":[{"id":979,"href":"https:\/\/stage17dec.officemanager.se\/index.php\/wp-json\/wp\/v2\/pages\/657\/revisions\/979"}],"wp:attachment":[{"href":"https:\/\/stage17dec.officemanager.se\/index.php\/wp-json\/wp\/v2\/media?parent=657"}],"curies":[{"name":"wp","href":"https:\/\/api.w.org\/{rel}","templated":true}]}}