{"id":7,"date":"2025-09-23T12:17:46","date_gmt":"2025-09-23T12:17:46","guid":{"rendered":"https:\/\/officemanager.se\/index.php\/varukorg\/"},"modified":"2025-11-17T15:02:46","modified_gmt":"2025-11-17T15:02:46","slug":"varukorg","status":"publish","type":"page","link":"https:\/\/stage17dec.officemanager.se\/index.php\/varukorg\/","title":{"rendered":"Varukorg"},"content":{"rendered":"\n<div data-block-name=\"woocommerce\/cart\" class=\"wp-block-woocommerce-cart alignwide is-loading\">\n<div data-block-name=\"woocommerce\/filled-cart-block\" class=\"wp-block-woocommerce-filled-cart-block\">\n<div data-block-name=\"woocommerce\/cart-items-block\" class=\"wp-block-woocommerce-cart-items-block\">\n<div data-block-name=\"woocommerce\/cart-line-items-block\" class=\"wp-block-woocommerce-cart-line-items-block\"><\/div>\n\n\n<\/div>\n\n\n\n<div data-block-name=\"woocommerce\/cart-totals-block\" class=\"wp-block-woocommerce-cart-totals-block\">\n<div data-block-name=\"woocommerce\/cart-order-summary-block\" class=\"wp-block-woocommerce-cart-order-summary-block\">\n<div data-block-name=\"woocommerce\/cart-order-summary-heading-block\" data-content=\"Varukorg totalbelopp\" class=\"wp-block-woocommerce-cart-order-summary-heading-block\"><\/div>\n\n\n\n<div data-block-name=\"woocommerce\/cart-order-summary-coupon-form-block\" class=\"wp-block-woocommerce-cart-order-summary-coupon-form-block\"><\/div>\n\n\n\n<div data-block-name=\"woocommerce\/cart-order-summary-totals-block\" class=\"wp-block-woocommerce-cart-order-summary-totals-block\">\n<div data-block-name=\"woocommerce\/cart-order-summary-subtotal-block\" class=\"wp-block-woocommerce-cart-order-summary-subtotal-block\"><\/div>\n\n\n\n<div data-block-name=\"woocommerce\/cart-order-summary-fee-block\" class=\"wp-block-woocommerce-cart-order-summary-fee-block\"><\/div>\n\n\n\n<div data-block-name=\"woocommerce\/cart-order-summary-discount-block\" class=\"wp-block-woocommerce-cart-order-summary-discount-block\"><\/div>\n\n\n\n<div data-block-name=\"woocommerce\/cart-order-summary-shipping-block\" class=\"wp-block-woocommerce-cart-order-summary-shipping-block\"><\/div>\n\n\n\n<div data-block-name=\"woocommerce\/cart-order-summary-taxes-block\" class=\"wp-block-woocommerce-cart-order-summary-taxes-block\"><\/div>\n<\/div>\n<\/div>\n\n\n\n<div data-block-name=\"woocommerce\/cart-express-payment-block\" class=\"wp-block-woocommerce-cart-express-payment-block\"><\/div>\n\n\n\n<div data-block-name=\"woocommerce\/proceed-to-checkout-block\" class=\"wp-block-woocommerce-proceed-to-checkout-block\"><\/div>\n\n\n\n<div data-block-name=\"woocommerce\/cart-accepted-payment-methods-block\" class=\"wp-block-woocommerce-cart-accepted-payment-methods-block\"><\/div>\n<\/div>\n<\/div>\n\n\n\n<div data-block-name=\"woocommerce\/empty-cart-block\" class=\"wp-block-woocommerce-empty-cart-block\">\n<h2 class=\"wp-block-heading has-text-align-center with-empty-cart-icon wc-block-cart__empty-cart__title\">Din varukorg \u00e4r f\u00f6r n\u00e4rvarande tom!<\/h2>\n\n\n\n<hr class=\"wp-block-separator has-alpha-channel-opacity is-style-dots\"\/>\n\n\n\n<h2 class=\"wp-block-heading has-text-align-center\">Nytt i butik<\/h2>\n\n\n<div data-block-name=\"woocommerce\/product-new\" data-columns=\"4\" data-rows=\"1\" class=\"wc-block-grid wp-block-product-new wp-block-woocommerce-product-new wc-block-product-new has-4-columns\"><ul class=\"wc-block-grid__products\"><li class=\"wc-block-grid__product\">\n\t\t\t\t<a href=\"https:\/\/stage17dec.officemanager.se\/index.php\/produkt\/aktmapp-a4-klar\/\" class=\"wc-block-grid__product-link\">\n\t\t\t\t\t\n\t\t\t\t\t<div class=\"wc-block-grid__product-image\"><img loading=\"lazy\" decoding=\"async\" width=\"324\" height=\"324\" src=\"https:\/\/stage17dec.officemanager.se\/wp-content\/uploads\/2025\/12\/Aktmapp-A4-018-klar-324x324.jpg?wsr\" class=\"attachment-woocommerce_thumbnail size-woocommerce_thumbnail\" alt=\"Aktmapp A4 - klar\" srcset=\"https:\/\/stage17dec.officemanager.se\/wp-content\/uploads\/2025\/12\/Aktmapp-A4-018-klar-324x324.jpg 324w, https:\/\/stage17dec.officemanager.se\/wp-content\/uploads\/2025\/12\/Aktmapp-A4-018-klar-150x150.jpg 150w, https:\/\/stage17dec.officemanager.se\/wp-content\/uploads\/2025\/12\/Aktmapp-A4-018-klar-100x100.jpg 100w\" sizes=\"auto, (max-width: 324px) 100vw, 324px\" \/><\/div>\n\t\t\t\t\t<div class=\"wc-block-grid__product-title\">Aktmapp A4 &#8211; klar<\/div>\n\t\t\t\t<\/a>\n\t\t\t\t<div class=\"wc-block-grid__product-price price\"><div><a class=\"single_add_to_cart_button button alt\" href=\"https:\/\/stage17dec.officemanager.se\/index.php\/mitt-konto\/\">Logga in f\u00f6r pris<\/a><\/div><\/div>\n\t\t\t\t\n\t\t\t\t<div class=\"wp-block-button wc-block-grid__product-add-to-cart\"><a href=\"https:\/\/stage17dec.officemanager.se\/index.php\/produkt\/aktmapp-a4-klar\/\" aria-label=\"L\u00e4s mer om \u201dAktmapp A4 - klar\u201d\" data-quantity=\"1\" data-product_id=\"972\" data-product_sku=\"10009\" data-price=\"9\" rel=\"nofollow\" class=\"wp-block-button__link  add_to_cart_button\">Read More<\/a><\/div>\n\t\t\t<\/li><li class=\"wc-block-grid__product\">\n\t\t\t\t<a href=\"https:\/\/stage17dec.officemanager.se\/index.php\/produkt\/whiteboard-conditioner\/\" class=\"wc-block-grid__product-link\">\n\t\t\t\t\t\n\t\t\t\t\t<div class=\"wc-block-grid__product-image\"><img loading=\"lazy\" decoding=\"async\" width=\"324\" height=\"324\" src=\"https:\/\/stage17dec.officemanager.se\/wp-content\/uploads\/2025\/12\/WB_Conditioner_1-Photoroom-1-324x324.png?wsr\" class=\"attachment-woocommerce_thumbnail size-woocommerce_thumbnail\" alt=\"Magic Whiteboard Conditioner\" srcset=\"https:\/\/stage17dec.officemanager.se\/wp-content\/uploads\/2025\/12\/WB_Conditioner_1-Photoroom-1-324x324.png 324w, https:\/\/stage17dec.officemanager.se\/wp-content\/uploads\/2025\/12\/WB_Conditioner_1-Photoroom-1-300x300.png 300w, https:\/\/stage17dec.officemanager.se\/wp-content\/uploads\/2025\/12\/WB_Conditioner_1-Photoroom-1-1024x1024.png 1024w, https:\/\/stage17dec.officemanager.se\/wp-content\/uploads\/2025\/12\/WB_Conditioner_1-Photoroom-1-150x150.png 150w, https:\/\/stage17dec.officemanager.se\/wp-content\/uploads\/2025\/12\/WB_Conditioner_1-Photoroom-1-768x768.png 768w, https:\/\/stage17dec.officemanager.se\/wp-content\/uploads\/2025\/12\/WB_Conditioner_1-Photoroom-1-416x416.png 416w, https:\/\/stage17dec.officemanager.se\/wp-content\/uploads\/2025\/12\/WB_Conditioner_1-Photoroom-1-100x100.png 100w, https:\/\/stage17dec.officemanager.se\/wp-content\/uploads\/2025\/12\/WB_Conditioner_1-Photoroom-1.png 1280w\" sizes=\"auto, (max-width: 324px) 100vw, 324px\" \/><\/div>\n\t\t\t\t\t<div class=\"wc-block-grid__product-title\">Magic Whiteboard Conditioner<\/div>\n\t\t\t\t<\/a>\n\t\t\t\t<div class=\"wc-block-grid__product-price price\"><div><a class=\"single_add_to_cart_button button alt\" href=\"https:\/\/stage17dec.officemanager.se\/index.php\/mitt-konto\/\">Logga in f\u00f6r pris<\/a><\/div><\/div>\n\t\t\t\t\n\t\t\t\t<div class=\"wp-block-button wc-block-grid__product-add-to-cart\"><a href=\"https:\/\/stage17dec.officemanager.se\/index.php\/produkt\/whiteboard-conditioner\/\" aria-label=\"L\u00e4s mer om \u201dMagic Whiteboard Conditioner\u201d\" data-quantity=\"1\" data-product_id=\"965\" data-product_sku=\"80008\" data-price=\"299\" rel=\"nofollow\" class=\"wp-block-button__link  add_to_cart_button\">Read More<\/a><\/div>\n\t\t\t<\/li><li class=\"wc-block-grid__product\">\n\t\t\t\t<a href=\"https:\/\/stage17dec.officemanager.se\/index.php\/produkt\/kozo-pennskrin-brick\/\" class=\"wc-block-grid__product-link\">\n\t\t\t\t\t\n\t\t\t\t\t<div class=\"wc-block-grid__product-image\"><img loading=\"lazy\" decoding=\"async\" width=\"324\" height=\"324\" src=\"https:\/\/stage17dec.officemanager.se\/wp-content\/uploads\/2025\/12\/KOZO_pennskrin_brick-324x324.jpg?wsr\" class=\"attachment-woocommerce_thumbnail size-woocommerce_thumbnail\" alt=\"KOZO Pennskrin Brick\" srcset=\"https:\/\/stage17dec.officemanager.se\/wp-content\/uploads\/2025\/12\/KOZO_pennskrin_brick-324x324.jpg 324w, https:\/\/stage17dec.officemanager.se\/wp-content\/uploads\/2025\/12\/KOZO_pennskrin_brick-300x300.jpg 300w, https:\/\/stage17dec.officemanager.se\/wp-content\/uploads\/2025\/12\/KOZO_pennskrin_brick-150x150.jpg 150w, https:\/\/stage17dec.officemanager.se\/wp-content\/uploads\/2025\/12\/KOZO_pennskrin_brick-416x416.jpg 416w, https:\/\/stage17dec.officemanager.se\/wp-content\/uploads\/2025\/12\/KOZO_pennskrin_brick-100x100.jpg 100w, https:\/\/stage17dec.officemanager.se\/wp-content\/uploads\/2025\/12\/KOZO_pennskrin_brick.jpg 500w\" sizes=\"auto, (max-width: 324px) 100vw, 324px\" \/><\/div>\n\t\t\t\t\t<div class=\"wc-block-grid__product-title\">KOZO Pennskrin Brick<\/div>\n\t\t\t\t<\/a>\n\t\t\t\t<div class=\"wc-block-grid__product-price price\"><div><a class=\"single_add_to_cart_button button alt\" href=\"https:\/\/stage17dec.officemanager.se\/index.php\/mitt-konto\/\">Logga in f\u00f6r pris<\/a><\/div><\/div>\n\t\t\t\t\n\t\t\t\t<div class=\"wp-block-button wc-block-grid__product-add-to-cart\"><a href=\"https:\/\/stage17dec.officemanager.se\/index.php\/produkt\/kozo-pennskrin-brick\/\" aria-label=\"L\u00e4s mer om \u201dKOZO Pennskrin Brick\u201d\" data-quantity=\"1\" data-product_id=\"964\" data-product_sku=\"40030\" data-price=\"99\" rel=\"nofollow\" class=\"wp-block-button__link  add_to_cart_button\">Read More<\/a><\/div>\n\t\t\t<\/li><li class=\"wc-block-grid__product\">\n\t\t\t\t<a href=\"https:\/\/stage17dec.officemanager.se\/index.php\/produkt\/kozo-pennskrin-navy\/\" class=\"wc-block-grid__product-link\">\n\t\t\t\t\t\n\t\t\t\t\t<div class=\"wc-block-grid__product-image\"><img loading=\"lazy\" decoding=\"async\" width=\"324\" height=\"324\" src=\"https:\/\/stage17dec.officemanager.se\/wp-content\/uploads\/2025\/12\/KOZO_pennskrin_navy-324x324.jpg?wsr\" class=\"attachment-woocommerce_thumbnail size-woocommerce_thumbnail\" alt=\"KOZO Pennskrin Navy\" srcset=\"https:\/\/stage17dec.officemanager.se\/wp-content\/uploads\/2025\/12\/KOZO_pennskrin_navy-324x324.jpg 324w, https:\/\/stage17dec.officemanager.se\/wp-content\/uploads\/2025\/12\/KOZO_pennskrin_navy-150x150.jpg 150w, https:\/\/stage17dec.officemanager.se\/wp-content\/uploads\/2025\/12\/KOZO_pennskrin_navy-100x100.jpg 100w\" sizes=\"auto, (max-width: 324px) 100vw, 324px\" \/><\/div>\n\t\t\t\t\t<div class=\"wc-block-grid__product-title\">KOZO Pennskrin Navy<\/div>\n\t\t\t\t<\/a>\n\t\t\t\t<div class=\"wc-block-grid__product-price price\"><div><a class=\"single_add_to_cart_button button alt\" href=\"https:\/\/stage17dec.officemanager.se\/index.php\/mitt-konto\/\">Logga in f\u00f6r pris<\/a><\/div><\/div>\n\t\t\t\t\n\t\t\t\t<div class=\"wp-block-button wc-block-grid__product-add-to-cart\"><a href=\"https:\/\/stage17dec.officemanager.se\/index.php\/produkt\/kozo-pennskrin-navy\/\" aria-label=\"L\u00e4s mer om \u201dKOZO Pennskrin Navy\u201d\" data-quantity=\"1\" data-product_id=\"963\" data-product_sku=\"40029\" data-price=\"99\" rel=\"nofollow\" class=\"wp-block-button__link  add_to_cart_button\">Read More<\/a><\/div>\n\t\t\t<\/li><\/ul><\/div><\/div>\n<\/div>\n","protected":false},"excerpt":{"rendered":"","protected":false},"author":1,"featured_media":0,"parent":0,"menu_order":1,"comment_status":"closed","ping_status":"closed","template":"","meta":{"footnotes":""},"class_list":["post-7","page","type-page","status-publish","hentry"],"jetpack_sharing_enabled":true,"_links":{"self":[{"href":"https:\/\/stage17dec.officemanager.se\/index.php\/wp-json\/wp\/v2\/pages\/7","targetHints":{"allow":["GET"]}}],"collection":[{"href":"https:\/\/stage17dec.officemanager.se\/index.php\/wp-json\/wp\/v2\/pages"}],"about":[{"href":"https:\/\/stage17dec.officemanager.se\/index.php\/wp-json\/wp\/v2\/types\/page"}],"author":[{"embeddable":true,"href":"https:\/\/stage17dec.officemanager.se\/index.php\/wp-json\/wp\/v2\/users\/1"}],"replies":[{"embeddable":true,"href":"https:\/\/stage17dec.officemanager.se\/index.php\/wp-json\/wp\/v2\/comments?post=7"}],"version-history":[{"count":2,"href":"https:\/\/stage17dec.officemanager.se\/index.php\/wp-json\/wp\/v2\/pages\/7\/revisions"}],"predecessor-version":[{"id":508,"href":"https:\/\/stage17dec.officemanager.se\/index.php\/wp-json\/wp\/v2\/pages\/7\/revisions\/508"}],"wp:attachment":[{"href":"https:\/\/stage17dec.officemanager.se\/index.php\/wp-json\/wp\/v2\/media?parent=7"}],"curies":[{"name":"wp","href":"https:\/\/api.w.org\/{rel}","templated":true}]}}