{"id":201,"date":"2025-10-09T13:12:01","date_gmt":"2025-10-09T13:12:01","guid":{"rendered":"https:\/\/officemanager.se\/?post_type=product&#038;p=201"},"modified":"2025-10-26T15:52:43","modified_gmt":"2025-10-26T15:52:43","slug":"silicone-pad","status":"publish","type":"product","link":"https:\/\/stage17dec.officemanager.se\/index.php\/produkt\/silicone-pad\/","title":{"rendered":"Silicone-pad"},"content":{"rendered":"<p>Sj\u00e4lvh\u00e4ftande pad i silikon. Storlek 30 mm i diameter. F\u00f6r upph\u00e4ngning av anslag utan att skada underlaget.<br \/>\n9 st per ark. Silicone-pad \u00e4r en positiv nyhet f\u00f6r alla som har tr\u00f6ttnat p\u00e5 kludd som ger flottiga m\u00e4rken och tejp som med tiden l\u00e4mnar limrester p\u00e5 d\u00f6rrar, v\u00e4ggar och f\u00f6nster. Limknappen anv\u00e4nds ist\u00e4llet f\u00f6r tejp och l\u00e4mnar inga som helst m\u00e4rken efter sig, den kan till och med anv\u00e4ndas f\u00f6r att s\u00e4tta upp information p\u00e5 tapet utan att f\u00f6rst\u00f6ra underlaget.<\/p>\n","protected":false},"excerpt":{"rendered":"<p>Sj\u00e4lvh\u00e4ftande pad i silikon.<\/p>\n","protected":false},"featured_media":202,"comment_status":"open","ping_status":"closed","template":"","meta":[],"product_brand":[],"product_cat":[31,33,43],"product_tag":[46,47],"class_list":{"0":"post-201","1":"product","2":"type-product","3":"status-publish","4":"has-post-thumbnail","6":"product_cat-kontoret","7":"product_cat-for-skola-forskola","8":"product_cat-anslag-upphangning","9":"product_tag-anslag","10":"product_tag-upphangning","12":"first","13":"instock","14":"taxable","15":"shipping-taxable","16":"product-type-simple"},"jetpack_sharing_enabled":true,"_links":{"self":[{"href":"https:\/\/stage17dec.officemanager.se\/index.php\/wp-json\/wp\/v2\/product\/201","targetHints":{"allow":["GET"]}}],"collection":[{"href":"https:\/\/stage17dec.officemanager.se\/index.php\/wp-json\/wp\/v2\/product"}],"about":[{"href":"https:\/\/stage17dec.officemanager.se\/index.php\/wp-json\/wp\/v2\/types\/product"}],"replies":[{"embeddable":true,"href":"https:\/\/stage17dec.officemanager.se\/index.php\/wp-json\/wp\/v2\/comments?post=201"}],"wp:featuredmedia":[{"embeddable":true,"href":"https:\/\/stage17dec.officemanager.se\/index.php\/wp-json\/wp\/v2\/media\/202"}],"wp:attachment":[{"href":"https:\/\/stage17dec.officemanager.se\/index.php\/wp-json\/wp\/v2\/media?parent=201"}],"wp:term":[{"taxonomy":"product_brand","embeddable":true,"href":"https:\/\/stage17dec.officemanager.se\/index.php\/wp-json\/wp\/v2\/product_brand?post=201"},{"taxonomy":"product_cat","embeddable":true,"href":"https:\/\/stage17dec.officemanager.se\/index.php\/wp-json\/wp\/v2\/product_cat?post=201"},{"taxonomy":"product_tag","embeddable":true,"href":"https:\/\/stage17dec.officemanager.se\/index.php\/wp-json\/wp\/v2\/product_tag?post=201"}],"curies":[{"name":"wp","href":"https:\/\/api.w.org\/{rel}","templated":true}]}}