{"id":215,"date":"2025-10-10T11:36:08","date_gmt":"2025-10-10T11:36:08","guid":{"rendered":"https:\/\/officemanager.se\/?post_type=product&#038;p=215"},"modified":"2025-12-17T13:31:04","modified_gmt":"2025-12-17T13:31:04","slug":"magic-cube","status":"publish","type":"product","link":"https:\/\/stage17dec.officemanager.se\/index.php\/produkt\/magic-cube\/","title":{"rendered":"Magic Cube"},"content":{"rendered":"<p><span data-sheets-root=\"1\">Sj\u00e4lvh\u00e4ftande Kom-ih\u00e5g-lappar i skiftande lager med 7 olika neonf\u00e4rger. Magic serien inneb\u00e4r att du enkelt bl\u00e4ddrar fram till den f\u00e4rg du \u00f6nskar, utan att beh\u00f6va ta det \u00f6versta arket som du m\u00e5ste p\u00e5 vanliga notisblock. Blocket har ett h\u00e5l uppe i h\u00f6rnet som g\u00f6r att du kan ha en penna st\u00e5ende i blocket. 280 ark, 101x76mm.<\/span><\/p>\n","protected":false},"excerpt":{"rendered":"<p>Sj\u00e4lvh\u00e4ftande Kom-ih\u00e5g-lappar i skiftande lager med 7 olika neonf\u00e4rger. Magic serien inneb\u00e4r att du enkelt bl\u00e4ddrar fram till den f\u00e4rg du \u00f6nskar, utan att beh\u00f6va ta det \u00f6versta arket som du m\u00e5ste p\u00e5 vanliga notisblock. Blocket har ett h\u00e5l uppe i h\u00f6rnet som g\u00f6r att du kan ha en penna st\u00e5ende i blocket. 280 ark, [&hellip;]<\/p>\n","protected":false},"featured_media":216,"comment_status":"open","ping_status":"closed","template":"","meta":[],"product_brand":[34],"product_cat":[31,19],"product_tag":[20],"class_list":{"0":"post-215","1":"product","2":"type-product","3":"status-publish","4":"has-post-thumbnail","6":"product_brand-stickn","7":"product_cat-kontoret","8":"product_cat-notisar-indexflikar","9":"product_tag-notisar","11":"first","12":"instock","13":"taxable","14":"shipping-taxable","15":"product-type-simple"},"jetpack_sharing_enabled":true,"_links":{"self":[{"href":"https:\/\/stage17dec.officemanager.se\/index.php\/wp-json\/wp\/v2\/product\/215","targetHints":{"allow":["GET"]}}],"collection":[{"href":"https:\/\/stage17dec.officemanager.se\/index.php\/wp-json\/wp\/v2\/product"}],"about":[{"href":"https:\/\/stage17dec.officemanager.se\/index.php\/wp-json\/wp\/v2\/types\/product"}],"replies":[{"embeddable":true,"href":"https:\/\/stage17dec.officemanager.se\/index.php\/wp-json\/wp\/v2\/comments?post=215"}],"wp:featuredmedia":[{"embeddable":true,"href":"https:\/\/stage17dec.officemanager.se\/index.php\/wp-json\/wp\/v2\/media\/216"}],"wp:attachment":[{"href":"https:\/\/stage17dec.officemanager.se\/index.php\/wp-json\/wp\/v2\/media?parent=215"}],"wp:term":[{"taxonomy":"product_brand","embeddable":true,"href":"https:\/\/stage17dec.officemanager.se\/index.php\/wp-json\/wp\/v2\/product_brand?post=215"},{"taxonomy":"product_cat","embeddable":true,"href":"https:\/\/stage17dec.officemanager.se\/index.php\/wp-json\/wp\/v2\/product_cat?post=215"},{"taxonomy":"product_tag","embeddable":true,"href":"https:\/\/stage17dec.officemanager.se\/index.php\/wp-json\/wp\/v2\/product_tag?post=215"}],"curies":[{"name":"wp","href":"https:\/\/api.w.org\/{rel}","templated":true}]}}