{"id":325,"date":"2025-10-14T13:33:28","date_gmt":"2025-10-14T13:33:28","guid":{"rendered":"https:\/\/officemanager.se\/?post_type=product&#038;p=325"},"modified":"2025-12-11T11:03:58","modified_gmt":"2025-12-11T11:03:58","slug":"frixion-clicker-kopia","status":"publish","type":"product","link":"https:\/\/stage17dec.officemanager.se\/index.php\/produkt\/frixion-clicker-kopia\/","title":{"rendered":"FriXion Clicker 0,7"},"content":{"rendered":"<p>Pilot FriXion Ball Clicker Gelpenna, som har en unik raderingsspets och v\u00e4rmek\u00e4nsligt bl\u00e4ck, \u00e4r det l\u00e4tt att radera och korrigera misstag. Denna gelpenna anv\u00e4nder v\u00e4rmek\u00e4nsligt bl\u00e4ck, som kan raderas omedelbart med FriXions s\u00e4rskilda raderingsspets p\u00e5 pennslutet. Med FriXion Ball Clicker kan du enkelt \u00e5tg\u00e4rda misstag g\u00e5ng p\u00e5 g\u00e5ng utan att pappret blir kladdigt eller f\u00f6rd\u00e4rvas.<\/p>\n","protected":false},"excerpt":{"rendered":"<p>FriXion Clicker &#8211; en kulspetspenna som \u00e4r suddbar genom friktion av pennans top.<\/p>\n","protected":false},"featured_media":303,"comment_status":"open","ping_status":"closed","template":"","meta":[],"product_brand":[28],"product_cat":[31,27],"product_tag":[30],"class_list":{"0":"post-325","1":"product","2":"type-product","3":"status-publish","4":"has-post-thumbnail","6":"product_brand-pilot","7":"product_cat-kontoret","8":"product_cat-pennor","9":"product_tag-penna","11":"first","12":"instock","13":"taxable","14":"shipping-taxable","15":"product-type-variable"},"jetpack_sharing_enabled":true,"_links":{"self":[{"href":"https:\/\/stage17dec.officemanager.se\/index.php\/wp-json\/wp\/v2\/product\/325","targetHints":{"allow":["GET"]}}],"collection":[{"href":"https:\/\/stage17dec.officemanager.se\/index.php\/wp-json\/wp\/v2\/product"}],"about":[{"href":"https:\/\/stage17dec.officemanager.se\/index.php\/wp-json\/wp\/v2\/types\/product"}],"replies":[{"embeddable":true,"href":"https:\/\/stage17dec.officemanager.se\/index.php\/wp-json\/wp\/v2\/comments?post=325"}],"wp:featuredmedia":[{"embeddable":true,"href":"https:\/\/stage17dec.officemanager.se\/index.php\/wp-json\/wp\/v2\/media\/303"}],"wp:attachment":[{"href":"https:\/\/stage17dec.officemanager.se\/index.php\/wp-json\/wp\/v2\/media?parent=325"}],"wp:term":[{"taxonomy":"product_brand","embeddable":true,"href":"https:\/\/stage17dec.officemanager.se\/index.php\/wp-json\/wp\/v2\/product_brand?post=325"},{"taxonomy":"product_cat","embeddable":true,"href":"https:\/\/stage17dec.officemanager.se\/index.php\/wp-json\/wp\/v2\/product_cat?post=325"},{"taxonomy":"product_tag","embeddable":true,"href":"https:\/\/stage17dec.officemanager.se\/index.php\/wp-json\/wp\/v2\/product_tag?post=325"}],"curies":[{"name":"wp","href":"https:\/\/api.w.org\/{rel}","templated":true}]}}