{"id":336,"date":"2025-10-14T13:40:29","date_gmt":"2025-10-14T13:40:29","guid":{"rendered":"https:\/\/officemanager.se\/?post_type=product&#038;p=336"},"modified":"2025-10-28T14:23:02","modified_gmt":"2025-10-28T14:23:02","slug":"twin-tape","status":"publish","type":"product","link":"https:\/\/stage17dec.officemanager.se\/index.php\/produkt\/twin-tape\/","title":{"rendered":"Twin Tape"},"content":{"rendered":"<p><span data-sheets-root=\"1\">H\u00e4ftmassa, &#8221;Fr\u00f6kenkludd&#8221; fast l\u00e4mnar inga sp\u00e5r och m\u00e4rken p\u00e5 underlagen, utan kladd, dra med h\u00e5llaren, 19,5 meter.<\/span><\/p>\n","protected":false},"excerpt":{"rendered":"<p>H\u00e4ftmassa, &#8221;Fr\u00f6kenkludd&#8221; fast l\u00e4mnar inga sp\u00e5r och m\u00e4rken p\u00e5 underlagen, utan kladd, dra med h\u00e5llaren, 19,5 meter.<\/p>\n","protected":false},"featured_media":338,"comment_status":"open","ping_status":"closed","template":"","meta":[],"product_brand":[],"product_cat":[31,33,43],"product_tag":[46,47],"class_list":{"0":"post-336","1":"product","2":"type-product","3":"status-publish","4":"has-post-thumbnail","6":"product_cat-kontoret","7":"product_cat-for-skola-forskola","8":"product_cat-anslag-upphangning","9":"product_tag-anslag","10":"product_tag-upphangning","12":"first","13":"instock","14":"taxable","15":"shipping-taxable","16":"product-type-simple"},"jetpack_sharing_enabled":true,"_links":{"self":[{"href":"https:\/\/stage17dec.officemanager.se\/index.php\/wp-json\/wp\/v2\/product\/336","targetHints":{"allow":["GET"]}}],"collection":[{"href":"https:\/\/stage17dec.officemanager.se\/index.php\/wp-json\/wp\/v2\/product"}],"about":[{"href":"https:\/\/stage17dec.officemanager.se\/index.php\/wp-json\/wp\/v2\/types\/product"}],"replies":[{"embeddable":true,"href":"https:\/\/stage17dec.officemanager.se\/index.php\/wp-json\/wp\/v2\/comments?post=336"}],"wp:featuredmedia":[{"embeddable":true,"href":"https:\/\/stage17dec.officemanager.se\/index.php\/wp-json\/wp\/v2\/media\/338"}],"wp:attachment":[{"href":"https:\/\/stage17dec.officemanager.se\/index.php\/wp-json\/wp\/v2\/media?parent=336"}],"wp:term":[{"taxonomy":"product_brand","embeddable":true,"href":"https:\/\/stage17dec.officemanager.se\/index.php\/wp-json\/wp\/v2\/product_brand?post=336"},{"taxonomy":"product_cat","embeddable":true,"href":"https:\/\/stage17dec.officemanager.se\/index.php\/wp-json\/wp\/v2\/product_cat?post=336"},{"taxonomy":"product_tag","embeddable":true,"href":"https:\/\/stage17dec.officemanager.se\/index.php\/wp-json\/wp\/v2\/product_tag?post=336"}],"curies":[{"name":"wp","href":"https:\/\/api.w.org\/{rel}","templated":true}]}}