{"id":383,"date":"2025-10-14T15:49:17","date_gmt":"2025-10-14T15:49:17","guid":{"rendered":"https:\/\/officemanager.se\/?post_type=product&#038;p=383"},"modified":"2025-12-11T12:06:34","modified_gmt":"2025-12-11T12:06:34","slug":"refill-till-pilot-frixion-zone","status":"publish","type":"product","link":"https:\/\/stage17dec.officemanager.se\/index.php\/produkt\/refill-till-pilot-frixion-zone\/","title":{"rendered":"Pilot FriXion Zone, refill patron"},"content":{"rendered":"<p>Refill till Pilot FriXion Zone, Bl\u00e5<br \/>\nPilots nya 0,7mm premiumrefill f\u00f6r Frixion Zone \u00e4r tillverkad i metall och \u00e4r kompatibel med alla Frixion-pennor. Den har 30% intensivare svart bl\u00e4ck och skriver 40% l\u00e4ngre.<\/p>\n","protected":false},"excerpt":{"rendered":"<p>Refill till Pilot FriXion Zone, Bl\u00e5 Pilots nya 0,7mm premiumrefill f\u00f6r Frixion Zone \u00e4r tillverkad i metall och \u00e4r kompatibel med alla Frixion-pennor. Den har 30% intensivare svart bl\u00e4ck och skriver 40% l\u00e4ngre.<\/p>\n","protected":false},"featured_media":384,"comment_status":"open","ping_status":"closed","template":"","meta":[],"product_brand":[28],"product_cat":[27],"product_tag":[30,42],"class_list":{"0":"post-383","1":"product","2":"type-product","3":"status-publish","4":"has-post-thumbnail","6":"product_brand-pilot","7":"product_cat-pennor","8":"product_tag-penna","9":"product_tag-refill","11":"first","12":"instock","13":"taxable","14":"shipping-taxable","15":"product-type-simple"},"jetpack_sharing_enabled":true,"_links":{"self":[{"href":"https:\/\/stage17dec.officemanager.se\/index.php\/wp-json\/wp\/v2\/product\/383","targetHints":{"allow":["GET"]}}],"collection":[{"href":"https:\/\/stage17dec.officemanager.se\/index.php\/wp-json\/wp\/v2\/product"}],"about":[{"href":"https:\/\/stage17dec.officemanager.se\/index.php\/wp-json\/wp\/v2\/types\/product"}],"replies":[{"embeddable":true,"href":"https:\/\/stage17dec.officemanager.se\/index.php\/wp-json\/wp\/v2\/comments?post=383"}],"wp:featuredmedia":[{"embeddable":true,"href":"https:\/\/stage17dec.officemanager.se\/index.php\/wp-json\/wp\/v2\/media\/384"}],"wp:attachment":[{"href":"https:\/\/stage17dec.officemanager.se\/index.php\/wp-json\/wp\/v2\/media?parent=383"}],"wp:term":[{"taxonomy":"product_brand","embeddable":true,"href":"https:\/\/stage17dec.officemanager.se\/index.php\/wp-json\/wp\/v2\/product_brand?post=383"},{"taxonomy":"product_cat","embeddable":true,"href":"https:\/\/stage17dec.officemanager.se\/index.php\/wp-json\/wp\/v2\/product_cat?post=383"},{"taxonomy":"product_tag","embeddable":true,"href":"https:\/\/stage17dec.officemanager.se\/index.php\/wp-json\/wp\/v2\/product_tag?post=383"}],"curies":[{"name":"wp","href":"https:\/\/api.w.org\/{rel}","templated":true}]}}