{"id":557,"date":"2025-10-28T10:27:28","date_gmt":"2025-10-28T10:27:28","guid":{"rendered":"https:\/\/officemanager.se\/?post_type=product&#038;p=557"},"modified":"2025-10-28T16:54:19","modified_gmt":"2025-10-28T16:54:19","slug":"expander-ficka-fargad-baksida","status":"publish","type":"product","link":"https:\/\/stage17dec.officemanager.se\/index.php\/produkt\/expander-ficka-fargad-baksida\/","title":{"rendered":"Expander-ficka F\u00e4rgad baksida"},"content":{"rendered":"<p>Plastficka med b\u00e4lg som expanderar f\u00f6r att rymma en hel bunt A4-papper. Med h\u00e5llist f\u00f6r att s\u00e4ttas i p\u00e4rm. Finns i fyra f\u00e4rger med semitransparent baksida, R\u00f6d, Bl\u00e5, Gr\u00f6n och Gul.<\/p>\n","protected":false},"excerpt":{"rendered":"<p><span data-sheets-root=\"1\">Plastficka anpassad f\u00f6r att f\u00f6rvara allt fr\u00e5n ett A4-ark till en st\u00f6rre bunt papper. Med h\u00e5llist f\u00f6r att s\u00e4ttas i p\u00e4rm, A4.<br \/>\n<\/span><\/p>\n","protected":false},"featured_media":564,"comment_status":"open","ping_status":"closed","template":"","meta":[],"product_brand":[],"product_cat":[31,24],"product_tag":[25],"class_list":{"0":"post-557","1":"product","2":"type-product","3":"status-publish","4":"has-post-thumbnail","6":"product_cat-kontoret","7":"product_cat-fickor","8":"product_tag-plastficka","10":"first","11":"instock","12":"taxable","13":"shipping-taxable","14":"product-type-variable"},"jetpack_sharing_enabled":true,"_links":{"self":[{"href":"https:\/\/stage17dec.officemanager.se\/index.php\/wp-json\/wp\/v2\/product\/557","targetHints":{"allow":["GET"]}}],"collection":[{"href":"https:\/\/stage17dec.officemanager.se\/index.php\/wp-json\/wp\/v2\/product"}],"about":[{"href":"https:\/\/stage17dec.officemanager.se\/index.php\/wp-json\/wp\/v2\/types\/product"}],"replies":[{"embeddable":true,"href":"https:\/\/stage17dec.officemanager.se\/index.php\/wp-json\/wp\/v2\/comments?post=557"}],"wp:featuredmedia":[{"embeddable":true,"href":"https:\/\/stage17dec.officemanager.se\/index.php\/wp-json\/wp\/v2\/media\/564"}],"wp:attachment":[{"href":"https:\/\/stage17dec.officemanager.se\/index.php\/wp-json\/wp\/v2\/media?parent=557"}],"wp:term":[{"taxonomy":"product_brand","embeddable":true,"href":"https:\/\/stage17dec.officemanager.se\/index.php\/wp-json\/wp\/v2\/product_brand?post=557"},{"taxonomy":"product_cat","embeddable":true,"href":"https:\/\/stage17dec.officemanager.se\/index.php\/wp-json\/wp\/v2\/product_cat?post=557"},{"taxonomy":"product_tag","embeddable":true,"href":"https:\/\/stage17dec.officemanager.se\/index.php\/wp-json\/wp\/v2\/product_tag?post=557"}],"curies":[{"name":"wp","href":"https:\/\/api.w.org\/{rel}","templated":true}]}}