{"id":620,"date":"2025-10-29T15:19:11","date_gmt":"2025-10-29T15:19:11","guid":{"rendered":"https:\/\/officemanager.se\/?post_type=product&#038;p=620"},"modified":"2025-11-06T11:22:29","modified_gmt":"2025-11-06T11:22:29","slug":"plastspiral-14mm-svart-100-st","status":"publish","type":"product","link":"https:\/\/stage17dec.officemanager.se\/index.php\/produkt\/plastspiral-14mm-svart-100-st\/","title":{"rendered":"Plastspiral 14mm Svart, 100 st"},"content":{"rendered":"<p>Spiralrygg i plast f\u00f6r proffsig presentation av rapporter, uppsatser mm. Se till att v\u00e4lja en spiralrygg som passar den tillt\u00e4nkta inbindningsmaskinen.<br \/>\n<span data-sheets-root=\"1\">Plastspiral. Permanent s\u00e4ker inbindning. Ligger platt n\u00e4r den \u00e4r \u00f6ppen och sidorna kan rotera 360grader<br \/>\n14mm f\u00f6r inbindning av 81-100 sidor<br \/>\nPassar alla plastspiralbindare med 21-ringar som klarar upp till 100 ark.<br \/>\nPaketstorlek 100 st<\/span><\/p>\n","protected":false},"excerpt":{"rendered":"<p>Spiralrygg i plast f\u00f6r proffsig presentation av rapporter, uppsatser mm. Se till att v\u00e4lja en spiralrygg som passar den tillt\u00e4nkta inbindningsmaskinen. Plastspiral. Permanent s\u00e4ker inbindning. Ligger platt n\u00e4r den \u00e4r \u00f6ppen och sidorna kan rotera 360grader 14mm f\u00f6r inbindning av 81-100 sidor Passar alla plastspiralbindare med 21-ringar som klarar upp till 100 ark. Paketstorlek 100 [&hellip;]<\/p>\n","protected":false},"featured_media":621,"comment_status":"open","ping_status":"closed","template":"","meta":[],"product_brand":[61],"product_cat":[32,57],"product_tag":[62,42],"class_list":{"0":"post-620","1":"product","2":"type-product","3":"status-publish","4":"has-post-thumbnail","6":"product_brand-fellowes","7":"product_cat-for-advokater","8":"product_cat-inbindning-laminering","9":"product_tag-inbindning","10":"product_tag-refill","12":"first","13":"instock","14":"taxable","15":"shipping-taxable","16":"product-type-simple"},"jetpack_sharing_enabled":true,"_links":{"self":[{"href":"https:\/\/stage17dec.officemanager.se\/index.php\/wp-json\/wp\/v2\/product\/620","targetHints":{"allow":["GET"]}}],"collection":[{"href":"https:\/\/stage17dec.officemanager.se\/index.php\/wp-json\/wp\/v2\/product"}],"about":[{"href":"https:\/\/stage17dec.officemanager.se\/index.php\/wp-json\/wp\/v2\/types\/product"}],"replies":[{"embeddable":true,"href":"https:\/\/stage17dec.officemanager.se\/index.php\/wp-json\/wp\/v2\/comments?post=620"}],"wp:featuredmedia":[{"embeddable":true,"href":"https:\/\/stage17dec.officemanager.se\/index.php\/wp-json\/wp\/v2\/media\/621"}],"wp:attachment":[{"href":"https:\/\/stage17dec.officemanager.se\/index.php\/wp-json\/wp\/v2\/media?parent=620"}],"wp:term":[{"taxonomy":"product_brand","embeddable":true,"href":"https:\/\/stage17dec.officemanager.se\/index.php\/wp-json\/wp\/v2\/product_brand?post=620"},{"taxonomy":"product_cat","embeddable":true,"href":"https:\/\/stage17dec.officemanager.se\/index.php\/wp-json\/wp\/v2\/product_cat?post=620"},{"taxonomy":"product_tag","embeddable":true,"href":"https:\/\/stage17dec.officemanager.se\/index.php\/wp-json\/wp\/v2\/product_tag?post=620"}],"curies":[{"name":"wp","href":"https:\/\/api.w.org\/{rel}","templated":true}]}}