{"id":624,"date":"2025-10-29T15:24:47","date_gmt":"2025-10-29T15:24:47","guid":{"rendered":"https:\/\/officemanager.se\/?post_type=product&#038;p=624"},"modified":"2025-11-06T11:22:44","modified_gmt":"2025-11-06T11:22:44","slug":"plastspiral-28-mm-svart-50-st-kopia","status":"publish","type":"product","link":"https:\/\/stage17dec.officemanager.se\/index.php\/produkt\/plastspiral-28-mm-svart-50-st-kopia\/","title":{"rendered":"Plastspiral 38 mm Svart, 50 st"},"content":{"rendered":"<p>Spiralrygg i plast f\u00f6r proffsig presentation av rapporter, uppsatser mm. Se till att v\u00e4lja en spiralrygg som passar den tillt\u00e4nkta inbindningsmaskinen.<br \/>\nPlastspiral. Permanent s\u00e4ker inbindning. Ligger platt n\u00e4r den \u00e4r \u00f6ppen och sidorna kan rotera 360grader<br \/>\n38mm f\u00f6r inbindning av 281-340 sidor<br \/>\nPassar alla plastspiralbindare med 21-ringar som klarar upp till 340 ark.<br \/>\nPaketstorlek 50st<\/p>\n","protected":false},"excerpt":{"rendered":"<p>Spiralrygg i plast f\u00f6r proffsig presentation av rapporter, uppsatser mm. Se till att v\u00e4lja en spiralrygg som passar den tillt\u00e4nkta inbindningsmaskinen. Plastspiral. Permanent s\u00e4ker inbindning. Ligger platt n\u00e4r den \u00e4r \u00f6ppen och sidorna kan rotera 360grader 38mm f\u00f6r inbindning av 281-340 sidor Passar alla plastspiralbindare med 21-ringar som klarar upp till 340 ark. Paketstorlek 50st<\/p>\n","protected":false},"featured_media":625,"comment_status":"open","ping_status":"closed","template":"","meta":[],"product_brand":[61],"product_cat":[32,57],"product_tag":[62,42],"class_list":{"0":"post-624","1":"product","2":"type-product","3":"status-publish","4":"has-post-thumbnail","6":"product_brand-fellowes","7":"product_cat-for-advokater","8":"product_cat-inbindning-laminering","9":"product_tag-inbindning","10":"product_tag-refill","12":"first","13":"instock","14":"taxable","15":"shipping-taxable","16":"product-type-simple"},"jetpack_sharing_enabled":true,"_links":{"self":[{"href":"https:\/\/stage17dec.officemanager.se\/index.php\/wp-json\/wp\/v2\/product\/624","targetHints":{"allow":["GET"]}}],"collection":[{"href":"https:\/\/stage17dec.officemanager.se\/index.php\/wp-json\/wp\/v2\/product"}],"about":[{"href":"https:\/\/stage17dec.officemanager.se\/index.php\/wp-json\/wp\/v2\/types\/product"}],"replies":[{"embeddable":true,"href":"https:\/\/stage17dec.officemanager.se\/index.php\/wp-json\/wp\/v2\/comments?post=624"}],"wp:featuredmedia":[{"embeddable":true,"href":"https:\/\/stage17dec.officemanager.se\/index.php\/wp-json\/wp\/v2\/media\/625"}],"wp:attachment":[{"href":"https:\/\/stage17dec.officemanager.se\/index.php\/wp-json\/wp\/v2\/media?parent=624"}],"wp:term":[{"taxonomy":"product_brand","embeddable":true,"href":"https:\/\/stage17dec.officemanager.se\/index.php\/wp-json\/wp\/v2\/product_brand?post=624"},{"taxonomy":"product_cat","embeddable":true,"href":"https:\/\/stage17dec.officemanager.se\/index.php\/wp-json\/wp\/v2\/product_cat?post=624"},{"taxonomy":"product_tag","embeddable":true,"href":"https:\/\/stage17dec.officemanager.se\/index.php\/wp-json\/wp\/v2\/product_tag?post=624"}],"curies":[{"name":"wp","href":"https:\/\/api.w.org\/{rel}","templated":true}]}}