{"id":647,"date":"2025-10-30T09:56:18","date_gmt":"2025-10-30T09:56:18","guid":{"rendered":"https:\/\/officemanager.se\/?post_type=product&#038;p=647"},"modified":"2025-11-25T10:24:56","modified_gmt":"2025-11-25T10:24:56","slug":"paperpro","status":"publish","type":"product","link":"https:\/\/stage17dec.officemanager.se\/index.php\/produkt\/paperpro\/","title":{"rendered":"Bostitch Injoy Eco &#8211; h\u00e4ftapparat"},"content":{"rendered":"<p>Bostitch Injoy Eco \u00e4r en h\u00e4ftapparat som klarar att h\u00e4fta upp till 25 st papper med ett l\u00e4tt tryck av ditt finger. Den har ocks\u00e5 praktisk f\u00f6rvaring av extra klammer p\u00e5 undersidan samt inbyggd klammerborttagare.<\/p>\n","protected":false},"excerpt":{"rendered":"<p>Bostitch Injoy Eco \u00e4r en h\u00e4ftapparat som klarar att h\u00e4fta upp till 25 st papper med ett l\u00e4tt tryck av ditt finger. Den har ocks\u00e5 praktisk f\u00f6rvaring av extra klammer p\u00e5 undersidan samt inbyggd klammerborttagare.<\/p>\n","protected":false},"featured_media":714,"comment_status":"open","ping_status":"closed","template":"","meta":[],"product_brand":[70],"product_cat":[31,32,51],"product_tag":[67],"class_list":{"0":"post-647","1":"product","2":"type-product","3":"status-publish","4":"has-post-thumbnail","6":"product_brand-bostitch","7":"product_cat-kontoret","8":"product_cat-for-advokater","9":"product_cat-gem-haftapparater","10":"product_tag-haftapparat","12":"first","13":"instock","14":"taxable","15":"shipping-taxable","16":"product-type-simple"},"jetpack_sharing_enabled":true,"_links":{"self":[{"href":"https:\/\/stage17dec.officemanager.se\/index.php\/wp-json\/wp\/v2\/product\/647","targetHints":{"allow":["GET"]}}],"collection":[{"href":"https:\/\/stage17dec.officemanager.se\/index.php\/wp-json\/wp\/v2\/product"}],"about":[{"href":"https:\/\/stage17dec.officemanager.se\/index.php\/wp-json\/wp\/v2\/types\/product"}],"replies":[{"embeddable":true,"href":"https:\/\/stage17dec.officemanager.se\/index.php\/wp-json\/wp\/v2\/comments?post=647"}],"wp:featuredmedia":[{"embeddable":true,"href":"https:\/\/stage17dec.officemanager.se\/index.php\/wp-json\/wp\/v2\/media\/714"}],"wp:attachment":[{"href":"https:\/\/stage17dec.officemanager.se\/index.php\/wp-json\/wp\/v2\/media?parent=647"}],"wp:term":[{"taxonomy":"product_brand","embeddable":true,"href":"https:\/\/stage17dec.officemanager.se\/index.php\/wp-json\/wp\/v2\/product_brand?post=647"},{"taxonomy":"product_cat","embeddable":true,"href":"https:\/\/stage17dec.officemanager.se\/index.php\/wp-json\/wp\/v2\/product_cat?post=647"},{"taxonomy":"product_tag","embeddable":true,"href":"https:\/\/stage17dec.officemanager.se\/index.php\/wp-json\/wp\/v2\/product_tag?post=647"}],"curies":[{"name":"wp","href":"https:\/\/api.w.org\/{rel}","templated":true}]}}