{"id":70,"date":"2025-09-23T13:40:13","date_gmt":"2025-09-23T13:40:13","guid":{"rendered":"https:\/\/officemanager.se\/?post_type=product&#038;p=70"},"modified":"2025-12-03T13:47:24","modified_gmt":"2025-12-03T13:47:24","slug":"privacy-mapp","status":"publish","type":"product","link":"https:\/\/stage17dec.officemanager.se\/index.php\/produkt\/privacy-mapp\/","title":{"rendered":"Privacy mapp"},"content":{"rendered":"<p>Privacy folder. En mapp som skyddar inneh\u00e5llet fr\u00e5n o\u00f6nskade blickar.<br \/>\n<span data-sheets-root=\"1\">Skydda din privata information fr\u00e4n nyfikna \u00f6gon. Det speciella m\u00f6nstret som \u00e4r tryckt p\u00e5 sekretessmappen g\u00f6r handlingarna sv\u00e5ra att l\u00e4sa.<\/span><\/p>\n","protected":false},"excerpt":{"rendered":"<p>Privacy mapp<\/p>\n","protected":false},"featured_media":80,"comment_status":"open","ping_status":"closed","template":"","meta":[],"product_brand":[],"product_cat":[31,32,17],"product_tag":[18],"class_list":{"0":"post-70","1":"product","2":"type-product","3":"status-publish","4":"has-post-thumbnail","6":"product_cat-kontoret","7":"product_cat-for-advokater","8":"product_cat-mappar","9":"product_tag-plastmapp","11":"first","12":"instock","13":"taxable","14":"shipping-taxable","15":"product-type-simple"},"jetpack_sharing_enabled":true,"_links":{"self":[{"href":"https:\/\/stage17dec.officemanager.se\/index.php\/wp-json\/wp\/v2\/product\/70","targetHints":{"allow":["GET"]}}],"collection":[{"href":"https:\/\/stage17dec.officemanager.se\/index.php\/wp-json\/wp\/v2\/product"}],"about":[{"href":"https:\/\/stage17dec.officemanager.se\/index.php\/wp-json\/wp\/v2\/types\/product"}],"replies":[{"embeddable":true,"href":"https:\/\/stage17dec.officemanager.se\/index.php\/wp-json\/wp\/v2\/comments?post=70"}],"wp:featuredmedia":[{"embeddable":true,"href":"https:\/\/stage17dec.officemanager.se\/index.php\/wp-json\/wp\/v2\/media\/80"}],"wp:attachment":[{"href":"https:\/\/stage17dec.officemanager.se\/index.php\/wp-json\/wp\/v2\/media?parent=70"}],"wp:term":[{"taxonomy":"product_brand","embeddable":true,"href":"https:\/\/stage17dec.officemanager.se\/index.php\/wp-json\/wp\/v2\/product_brand?post=70"},{"taxonomy":"product_cat","embeddable":true,"href":"https:\/\/stage17dec.officemanager.se\/index.php\/wp-json\/wp\/v2\/product_cat?post=70"},{"taxonomy":"product_tag","embeddable":true,"href":"https:\/\/stage17dec.officemanager.se\/index.php\/wp-json\/wp\/v2\/product_tag?post=70"}],"curies":[{"name":"wp","href":"https:\/\/api.w.org\/{rel}","templated":true}]}}