{"id":723,"date":"2025-11-05T14:23:58","date_gmt":"2025-11-05T14:23:58","guid":{"rendered":"https:\/\/officemanager.se\/?post_type=product&#038;p=723"},"modified":"2025-11-06T09:59:49","modified_gmt":"2025-11-06T09:59:49","slug":"plus-japan-staple-free-stapler","status":"publish","type":"product","link":"https:\/\/stage17dec.officemanager.se\/index.php\/produkt\/plus-japan-staple-free-stapler\/","title":{"rendered":"PLUS JAPAN &#8211; Staple Free Stapler"},"content":{"rendered":"<p>PLUS Japan \u00e4r en h\u00e4ftapparat som fungerar utan klammer. Metoden kallas Paper-Clinch och kan &#8221;h\u00e4fta&#8221; ihop upp till 5 st 80 grams papper utan att beh\u00f6va anv\u00e4nda klammer. En milj\u00f6v\u00e4nlig l\u00f6sning f\u00f6r enklare behov som inte riskerar att skada dokumentf\u00f6rst\u00f6rare\/pappersstrimlare eller att klamrarna tar slut.<\/p>\n","protected":false},"excerpt":{"rendered":"<p>PLUS Japan \u00e4r en h\u00e4ftapparat som fungerar utan klammer.<\/p>\n","protected":false},"featured_media":720,"comment_status":"open","ping_status":"closed","template":"","meta":[],"product_brand":[],"product_cat":[31,51],"product_tag":[67],"class_list":{"0":"post-723","1":"product","2":"type-product","3":"status-publish","4":"has-post-thumbnail","6":"product_cat-kontoret","7":"product_cat-gem-haftapparater","8":"product_tag-haftapparat","10":"first","11":"instock","12":"taxable","13":"shipping-taxable","14":"product-type-simple"},"jetpack_sharing_enabled":true,"_links":{"self":[{"href":"https:\/\/stage17dec.officemanager.se\/index.php\/wp-json\/wp\/v2\/product\/723","targetHints":{"allow":["GET"]}}],"collection":[{"href":"https:\/\/stage17dec.officemanager.se\/index.php\/wp-json\/wp\/v2\/product"}],"about":[{"href":"https:\/\/stage17dec.officemanager.se\/index.php\/wp-json\/wp\/v2\/types\/product"}],"replies":[{"embeddable":true,"href":"https:\/\/stage17dec.officemanager.se\/index.php\/wp-json\/wp\/v2\/comments?post=723"}],"wp:featuredmedia":[{"embeddable":true,"href":"https:\/\/stage17dec.officemanager.se\/index.php\/wp-json\/wp\/v2\/media\/720"}],"wp:attachment":[{"href":"https:\/\/stage17dec.officemanager.se\/index.php\/wp-json\/wp\/v2\/media?parent=723"}],"wp:term":[{"taxonomy":"product_brand","embeddable":true,"href":"https:\/\/stage17dec.officemanager.se\/index.php\/wp-json\/wp\/v2\/product_brand?post=723"},{"taxonomy":"product_cat","embeddable":true,"href":"https:\/\/stage17dec.officemanager.se\/index.php\/wp-json\/wp\/v2\/product_cat?post=723"},{"taxonomy":"product_tag","embeddable":true,"href":"https:\/\/stage17dec.officemanager.se\/index.php\/wp-json\/wp\/v2\/product_tag?post=723"}],"curies":[{"name":"wp","href":"https:\/\/api.w.org\/{rel}","templated":true}]}}