{"id":732,"date":"2025-11-05T15:40:09","date_gmt":"2025-11-05T15:40:09","guid":{"rendered":"https:\/\/officemanager.se\/?post_type=product&#038;p=732"},"modified":"2025-12-17T13:02:21","modified_gmt":"2025-12-17T13:02:21","slug":"miljo-notiskub-240-blad-51x51mm-5-farger","status":"publish","type":"product","link":"https:\/\/stage17dec.officemanager.se\/index.php\/produkt\/miljo-notiskub-240-blad-51x51mm-5-farger\/","title":{"rendered":"Milj\u00f6 Notiskub 240 blad 51x51mm 5 f\u00e4rger"},"content":{"rendered":"<p>Paket med klisterlappar i 5 pastellf\u00e4rger, storlek 51&#215;51 mm. Tillverkad av milj\u00f6v\u00e4nliga ansvarsfulla k\u00e4llor. 100% vattenbaserat lim. 240 ark, pastellf\u00e4rger: gul, orange, bl\u00e5, lila, gr\u00f6n. Klistra p\u00e5 plast, kartong, glas, papper och m\u00e5nga fler ytor.\u00a0 L\u00e4tt att f\u00e4sta och ta bort utan att l\u00e4mna n\u00e5gra rester<\/p>\n<div><\/div>\n","protected":false},"excerpt":{"rendered":"<p>Paket med klisterlappar i 5 pastellf\u00e4rger, storlek 51&#215;51 mm<\/p>\n","protected":false},"featured_media":735,"comment_status":"open","ping_status":"closed","template":"","meta":[],"product_brand":[34],"product_cat":[31,19],"product_tag":[20],"class_list":{"0":"post-732","1":"product","2":"type-product","3":"status-publish","4":"has-post-thumbnail","6":"product_brand-stickn","7":"product_cat-kontoret","8":"product_cat-notisar-indexflikar","9":"product_tag-notisar","11":"first","12":"instock","13":"taxable","14":"shipping-taxable","15":"product-type-simple"},"jetpack_sharing_enabled":true,"_links":{"self":[{"href":"https:\/\/stage17dec.officemanager.se\/index.php\/wp-json\/wp\/v2\/product\/732","targetHints":{"allow":["GET"]}}],"collection":[{"href":"https:\/\/stage17dec.officemanager.se\/index.php\/wp-json\/wp\/v2\/product"}],"about":[{"href":"https:\/\/stage17dec.officemanager.se\/index.php\/wp-json\/wp\/v2\/types\/product"}],"replies":[{"embeddable":true,"href":"https:\/\/stage17dec.officemanager.se\/index.php\/wp-json\/wp\/v2\/comments?post=732"}],"wp:featuredmedia":[{"embeddable":true,"href":"https:\/\/stage17dec.officemanager.se\/index.php\/wp-json\/wp\/v2\/media\/735"}],"wp:attachment":[{"href":"https:\/\/stage17dec.officemanager.se\/index.php\/wp-json\/wp\/v2\/media?parent=732"}],"wp:term":[{"taxonomy":"product_brand","embeddable":true,"href":"https:\/\/stage17dec.officemanager.se\/index.php\/wp-json\/wp\/v2\/product_brand?post=732"},{"taxonomy":"product_cat","embeddable":true,"href":"https:\/\/stage17dec.officemanager.se\/index.php\/wp-json\/wp\/v2\/product_cat?post=732"},{"taxonomy":"product_tag","embeddable":true,"href":"https:\/\/stage17dec.officemanager.se\/index.php\/wp-json\/wp\/v2\/product_tag?post=732"}],"curies":[{"name":"wp","href":"https:\/\/api.w.org\/{rel}","templated":true}]}}