{"id":761,"date":"2025-11-05T16:18:47","date_gmt":"2025-11-05T16:18:47","guid":{"rendered":"https:\/\/officemanager.se\/?post_type=product&#038;p=761"},"modified":"2025-12-10T14:16:38","modified_gmt":"2025-12-10T14:16:38","slug":"kopieringspapper-a5-80-g-ohalat-500-ark","status":"publish","type":"product","link":"https:\/\/stage17dec.officemanager.se\/index.php\/produkt\/kopieringspapper-a5-80-g-ohalat-500-ark\/","title":{"rendered":"Kopieringspapper A5, 80 g, oh\u00e5lat, 500 ark"},"content":{"rendered":"<p>Data Copy, premium paper, vit, Kopieringspapper, tr\u00e4fri ECF, 80g\/m2, 210mm x 148mm, A5, Bred bane, Frp med 500 ark, FSC Mix Credit<\/p>\n<p>Data Copy \u00e4r ett multifunktionellt kvalitetspapper med h\u00f6g vithet och sl\u00e4t yta. Data Copy t\u00e4cker alla dina aff\u00e4rsbehov f\u00f6r f\u00e4rg- och svartvita utskrifter i alla upplagor.<\/p>\n<div class=\"es-l-group\">\n<p class=\"es-p-b5 es-p-t5\"><strong>Produktf\u00f6rdelar:<\/strong><\/p>\n<ul class=\"es-list-bullets\">\n<li>Obestruken premium multifunktionspapper til laser, inkjet och offset<\/li>\n<li>Bra vid dubbelsidiga utskrifter och h\u00f6gvolymsproduktion.<\/li>\n<li>Data Copy, \u00e4r medlem i organisationen 1% for the Planet<\/li>\n<li>FSC\u00ae-certifierat, EU Ecolabel<\/li>\n<li>Vithet CIE 170<\/li>\n<\/ul>\n<\/div>\n<div class=\"es-l-group\">\n<p class=\"es-p-b5 es-p-t5\"><strong>Trycktekniker:<\/strong><\/p>\n<ul class=\"es-list-bullets\">\n<li>Data Copy \u00e4r anpassat f\u00f6r kopiering, laser och inkjet samt f\u00f6r tryckning i digitala pressar.<\/li>\n<\/ul>\n<\/div>\n<div class=\"es-l-group\">\n<p class=\"es-p-b5 es-p-t5\"><strong>Garantier:<\/strong><\/p>\n<ul class=\"es-list-bullets\">\n<li>F\u00f6r att undvika problem med k\u00f6rbarhet \u00e4r det viktigt att papperet lagras och hanteras p\u00e5 r\u00e4tt s\u00e4tt.<\/li>\n<\/ul>\n<\/div>\n<div class=\"es-l-group\">\n<p class=\"es-p-b5 es-p-t5\"><strong>Anv\u00e4ndning:<\/strong><\/p>\n<ul class=\"es-list-bullets\">\n<li>Data Copy passar till fakturor, PM, rapporter mm. L\u00e4mpar sig v\u00e4l till din externa kommunikation.<\/li>\n<\/ul>\n<\/div>\n","protected":false},"excerpt":{"rendered":"<p>Kopieringspapper A5, 80 g, oh\u00e5lat, 500 ark<\/p>\n","protected":false},"featured_media":762,"comment_status":"open","ping_status":"closed","template":"","meta":[],"product_brand":[40],"product_cat":[31,35],"product_tag":[73,38,39],"class_list":{"0":"post-761","1":"product","2":"type-product","3":"status-publish","4":"has-post-thumbnail","6":"product_brand-antalis","7":"product_cat-kontoret","8":"product_cat-papper","9":"product_tag-a5","10":"product_tag-kopieringspapper","11":"product_tag-skrivarpapper","13":"first","14":"instock","15":"taxable","16":"shipping-taxable","17":"product-type-simple"},"jetpack_sharing_enabled":true,"_links":{"self":[{"href":"https:\/\/stage17dec.officemanager.se\/index.php\/wp-json\/wp\/v2\/product\/761","targetHints":{"allow":["GET"]}}],"collection":[{"href":"https:\/\/stage17dec.officemanager.se\/index.php\/wp-json\/wp\/v2\/product"}],"about":[{"href":"https:\/\/stage17dec.officemanager.se\/index.php\/wp-json\/wp\/v2\/types\/product"}],"replies":[{"embeddable":true,"href":"https:\/\/stage17dec.officemanager.se\/index.php\/wp-json\/wp\/v2\/comments?post=761"}],"wp:featuredmedia":[{"embeddable":true,"href":"https:\/\/stage17dec.officemanager.se\/index.php\/wp-json\/wp\/v2\/media\/762"}],"wp:attachment":[{"href":"https:\/\/stage17dec.officemanager.se\/index.php\/wp-json\/wp\/v2\/media?parent=761"}],"wp:term":[{"taxonomy":"product_brand","embeddable":true,"href":"https:\/\/stage17dec.officemanager.se\/index.php\/wp-json\/wp\/v2\/product_brand?post=761"},{"taxonomy":"product_cat","embeddable":true,"href":"https:\/\/stage17dec.officemanager.se\/index.php\/wp-json\/wp\/v2\/product_cat?post=761"},{"taxonomy":"product_tag","embeddable":true,"href":"https:\/\/stage17dec.officemanager.se\/index.php\/wp-json\/wp\/v2\/product_tag?post=761"}],"curies":[{"name":"wp","href":"https:\/\/api.w.org\/{rel}","templated":true}]}}