{"id":783,"date":"2025-11-06T11:55:18","date_gmt":"2025-11-06T11:55:18","guid":{"rendered":"https:\/\/officemanager.se\/?post_type=product&#038;p=783"},"modified":"2025-11-14T09:53:28","modified_gmt":"2025-11-14T09:53:28","slug":"omslag-a4-200-micron-glasklar-100-fp","status":"publish","type":"product","link":"https:\/\/stage17dec.officemanager.se\/index.php\/produkt\/omslag-a4-200-micron-glasklar-100-fp\/","title":{"rendered":"Omslag A4, Super Clear 200 micron, 100st\/fp"},"content":{"rendered":"<p>Omslag f\u00f6r bindning av A4-dokument. Glasklar. Anv\u00e4nds vanligtvis som omslag till framsidor, men kan lika g\u00e4rna anv\u00e4ndas som baksida. Kan anv\u00e4ndas i alla metall- och plastbindningsmaskiner. 100 st\/fp<\/p>\n","protected":false},"excerpt":{"rendered":"<p>Omslag A4 Glasklar f\u00f6r bindning av A4-dokument<\/p>\n","protected":false},"featured_media":786,"comment_status":"open","ping_status":"closed","template":"","meta":[],"product_brand":[],"product_cat":[32,57],"product_tag":[62,75],"class_list":{"0":"post-783","1":"product","2":"type-product","3":"status-publish","4":"has-post-thumbnail","6":"product_cat-for-advokater","7":"product_cat-inbindning-laminering","8":"product_tag-inbindning","9":"product_tag-omslag","11":"first","12":"instock","13":"taxable","14":"shipping-taxable","15":"product-type-simple"},"jetpack_sharing_enabled":true,"_links":{"self":[{"href":"https:\/\/stage17dec.officemanager.se\/index.php\/wp-json\/wp\/v2\/product\/783","targetHints":{"allow":["GET"]}}],"collection":[{"href":"https:\/\/stage17dec.officemanager.se\/index.php\/wp-json\/wp\/v2\/product"}],"about":[{"href":"https:\/\/stage17dec.officemanager.se\/index.php\/wp-json\/wp\/v2\/types\/product"}],"replies":[{"embeddable":true,"href":"https:\/\/stage17dec.officemanager.se\/index.php\/wp-json\/wp\/v2\/comments?post=783"}],"wp:featuredmedia":[{"embeddable":true,"href":"https:\/\/stage17dec.officemanager.se\/index.php\/wp-json\/wp\/v2\/media\/786"}],"wp:attachment":[{"href":"https:\/\/stage17dec.officemanager.se\/index.php\/wp-json\/wp\/v2\/media?parent=783"}],"wp:term":[{"taxonomy":"product_brand","embeddable":true,"href":"https:\/\/stage17dec.officemanager.se\/index.php\/wp-json\/wp\/v2\/product_brand?post=783"},{"taxonomy":"product_cat","embeddable":true,"href":"https:\/\/stage17dec.officemanager.se\/index.php\/wp-json\/wp\/v2\/product_cat?post=783"},{"taxonomy":"product_tag","embeddable":true,"href":"https:\/\/stage17dec.officemanager.se\/index.php\/wp-json\/wp\/v2\/product_tag?post=783"}],"curies":[{"name":"wp","href":"https:\/\/api.w.org\/{rel}","templated":true}]}}