{"id":815,"date":"2025-11-13T11:42:15","date_gmt":"2025-11-13T11:42:15","guid":{"rendered":"https:\/\/officemanager.se\/?post_type=product&#038;p=815"},"modified":"2025-12-11T09:57:07","modified_gmt":"2025-12-11T09:57:07","slug":"ballograf-epoca-svenskt-arkiv-certifierad","status":"publish","type":"product","link":"https:\/\/stage17dec.officemanager.se\/index.php\/produkt\/ballograf-epoca-svenskt-arkiv-certifierad\/","title":{"rendered":"Ballograf Epoca (Svenskt Arkiv-certifierad)"},"content":{"rendered":"<p>Ballograf Epoca \u00e4r en klassisk kulspetspenna tillverkad i Sverige.<\/p>\n<p>Ballografs bl\u00e4ck \u00e4r tillverkat speciellt f\u00f6r v\u00e5rt svenska klimat och ska klara s\u00e5v\u00e4l varma som j\u00e4ttekalla temperaturer. Ballograf \u00e4r i princip ensamma n\u00e4r det kommer till det ljusbest\u00e4ndiga bl\u00e4cket. Bl\u00e4cket har n\u00e4mligen den mycket strikta certifieringen Svenskt Arkiv, vilket kr\u00e4vs f\u00f6r anv\u00e4ndning inom exempelvis kommun och landsting. Bl\u00e4cket i pennan r\u00e4cker dessutom i 8000 meter, n\u00e5got Ballograf \u00e4r ensamma om att kunna erbjuda. Det \u00e4r nio g\u00e5nger l\u00e4ngre \u00e4n genomsnittspennan, och ungef\u00e4r dubbelt s\u00e5 l\u00e5ngt som n\u00e4rmaste konkurrent.<\/p>\n<p><strong>Skriv med livstidsgaranti<br \/>\n<\/strong>H\u00e5llbarhet handlar ocks\u00e5 om att tillverka saker som h\u00e5ller i l\u00e4ngden \u2013 och Ballograf v\u00e4ldigt stolta \u00f6ver sina pennor.\u00a0 De har jobbat i \u00f6ver 50 \u00e5r f\u00f6r att skapa pennor som ska h\u00e5lla en hel livstid, det inneb\u00e4r att de kan erbjuda livstidsgaranti p\u00e5 klickmekanismen i din Ballografpenna.<\/p>\n","protected":false},"excerpt":{"rendered":"<p>Ballograf Epoca \u00e4r en klassisk kulspetspenna tillverkad i Sverige med bl\u00e5tt bl\u00e4ck certifierat av Svenskt Arkiv<\/p>\n","protected":false},"featured_media":830,"comment_status":"open","ping_status":"closed","template":"","meta":[],"product_brand":[79],"product_cat":[31,32,27],"product_tag":[80,30],"class_list":{"0":"post-815","1":"product","2":"type-product","3":"status-publish","4":"has-post-thumbnail","6":"product_brand-ballograf","7":"product_cat-kontoret","8":"product_cat-for-advokater","9":"product_cat-pennor","10":"product_tag-kulspetspenna","11":"product_tag-penna","13":"first","14":"instock","15":"taxable","16":"shipping-taxable","17":"product-type-variable"},"jetpack_sharing_enabled":true,"_links":{"self":[{"href":"https:\/\/stage17dec.officemanager.se\/index.php\/wp-json\/wp\/v2\/product\/815","targetHints":{"allow":["GET"]}}],"collection":[{"href":"https:\/\/stage17dec.officemanager.se\/index.php\/wp-json\/wp\/v2\/product"}],"about":[{"href":"https:\/\/stage17dec.officemanager.se\/index.php\/wp-json\/wp\/v2\/types\/product"}],"replies":[{"embeddable":true,"href":"https:\/\/stage17dec.officemanager.se\/index.php\/wp-json\/wp\/v2\/comments?post=815"}],"wp:featuredmedia":[{"embeddable":true,"href":"https:\/\/stage17dec.officemanager.se\/index.php\/wp-json\/wp\/v2\/media\/830"}],"wp:attachment":[{"href":"https:\/\/stage17dec.officemanager.se\/index.php\/wp-json\/wp\/v2\/media?parent=815"}],"wp:term":[{"taxonomy":"product_brand","embeddable":true,"href":"https:\/\/stage17dec.officemanager.se\/index.php\/wp-json\/wp\/v2\/product_brand?post=815"},{"taxonomy":"product_cat","embeddable":true,"href":"https:\/\/stage17dec.officemanager.se\/index.php\/wp-json\/wp\/v2\/product_cat?post=815"},{"taxonomy":"product_tag","embeddable":true,"href":"https:\/\/stage17dec.officemanager.se\/index.php\/wp-json\/wp\/v2\/product_tag?post=815"}],"curies":[{"name":"wp","href":"https:\/\/api.w.org\/{rel}","templated":true}]}}