{"id":948,"date":"2025-12-08T08:25:03","date_gmt":"2025-12-08T08:25:03","guid":{"rendered":"https:\/\/officemanager.se\/?post_type=product&#038;p=948"},"modified":"2025-12-08T08:28:07","modified_gmt":"2025-12-08T08:28:07","slug":"kozo-anteckningsbok-a5-premium-black","status":"publish","type":"product","link":"https:\/\/stage17dec.officemanager.se\/index.php\/produkt\/kozo-anteckningsbok-a5-premium-black\/","title":{"rendered":"KOZO Anteckningsbok A5 Premium Black"},"content":{"rendered":"<p>KOZO Premium anteckningsbok \u00e4r definitivt en av de snyggaste anteckningsb\u00f6ckerna p\u00e5 marknaden. Det cr\u00e8mef\u00e4rgade 100gsm FSC pappret ger en lyxig k\u00e4nsla och f\u00f6rhindrar bl\u00e4ck fr\u00e5n att bl\u00f6da igenom till n\u00e4stkommande sida. Alla 160 sidor (80 ark) \u00e4r linjerade och har en s\u00e4rskild plats f\u00f6r dagens datum h\u00f6gst upp. Matcha med andra KOZO produkter i samma f\u00e4rg f\u00f6r en stilren look.<\/p>\n","protected":false},"excerpt":{"rendered":"<p>KOZO Anteckningsbok A5 Premium Black<br \/>\n100 gram crem\u00e9f\u00e4rgat papper<br \/>\n80 linjerade ark<br \/>\nKraftig omslag med linnestruktur<br \/>\nStilfulla detaljer i brons<br \/>\nDatumlinjer p\u00e5 varje sida<\/p>\n","protected":false},"featured_media":904,"comment_status":"open","ping_status":"closed","template":"","meta":[],"product_brand":[21],"product_cat":[31,32,23],"product_tag":[22],"class_list":{"0":"post-948","1":"product","2":"type-product","3":"status-publish","4":"has-post-thumbnail","6":"product_brand-kozo","7":"product_cat-kontoret","8":"product_cat-for-advokater","9":"product_cat-anteckningar-block","10":"product_tag-anteckningsblock","12":"first","13":"instock","14":"taxable","15":"shipping-taxable","16":"product-type-simple"},"jetpack_sharing_enabled":true,"_links":{"self":[{"href":"https:\/\/stage17dec.officemanager.se\/index.php\/wp-json\/wp\/v2\/product\/948","targetHints":{"allow":["GET"]}}],"collection":[{"href":"https:\/\/stage17dec.officemanager.se\/index.php\/wp-json\/wp\/v2\/product"}],"about":[{"href":"https:\/\/stage17dec.officemanager.se\/index.php\/wp-json\/wp\/v2\/types\/product"}],"replies":[{"embeddable":true,"href":"https:\/\/stage17dec.officemanager.se\/index.php\/wp-json\/wp\/v2\/comments?post=948"}],"wp:featuredmedia":[{"embeddable":true,"href":"https:\/\/stage17dec.officemanager.se\/index.php\/wp-json\/wp\/v2\/media\/904"}],"wp:attachment":[{"href":"https:\/\/stage17dec.officemanager.se\/index.php\/wp-json\/wp\/v2\/media?parent=948"}],"wp:term":[{"taxonomy":"product_brand","embeddable":true,"href":"https:\/\/stage17dec.officemanager.se\/index.php\/wp-json\/wp\/v2\/product_brand?post=948"},{"taxonomy":"product_cat","embeddable":true,"href":"https:\/\/stage17dec.officemanager.se\/index.php\/wp-json\/wp\/v2\/product_cat?post=948"},{"taxonomy":"product_tag","embeddable":true,"href":"https:\/\/stage17dec.officemanager.se\/index.php\/wp-json\/wp\/v2\/product_tag?post=948"}],"curies":[{"name":"wp","href":"https:\/\/api.w.org\/{rel}","templated":true}]}}