{"id":964,"date":"2025-12-08T09:30:38","date_gmt":"2025-12-08T09:30:38","guid":{"rendered":"https:\/\/officemanager.se\/?post_type=product&#038;p=964"},"modified":"2025-12-08T09:31:23","modified_gmt":"2025-12-08T09:31:23","slug":"kozo-pennskrin-brick","status":"publish","type":"product","link":"https:\/\/stage17dec.officemanager.se\/index.php\/produkt\/kozo-pennskrin-brick\/","title":{"rendered":"KOZO Pennskrin Brick"},"content":{"rendered":"<p>Smidigt och snyggt pennskrin med omslag i 100% bomull. Rymlig storlek som samlar alla dina favoritpennor och suddgummi p\u00e5 ett st\u00e4lle. Smal och flexibel design som inte tar f\u00f6r mycket plats i ryggs\u00e4cken eller laptopv\u00e4skan. Matchar fint med KOZO anteckningsb\u00f6cker.\u00a0 Storlek 21 x 7 x 7 cm. Finns i flera f\u00e4rger.<\/p>\n","protected":false},"excerpt":{"rendered":"<p>KOZO Pennskrin Brick<br \/>\nSmidigt och snyggt pennskrin med omslag i 100% bomull. Storlek 21 x 7 x 7 cm. Finns i flera f\u00e4rger.<\/p>\n","protected":false},"featured_media":922,"comment_status":"open","ping_status":"closed","template":"","meta":[],"product_brand":[21],"product_cat":[31,32,23],"product_tag":[22],"class_list":{"0":"post-964","1":"product","2":"type-product","3":"status-publish","4":"has-post-thumbnail","6":"product_brand-kozo","7":"product_cat-kontoret","8":"product_cat-for-advokater","9":"product_cat-anteckningar-block","10":"product_tag-anteckningsblock","12":"first","13":"instock","14":"taxable","15":"shipping-taxable","16":"product-type-simple"},"jetpack_sharing_enabled":true,"_links":{"self":[{"href":"https:\/\/stage17dec.officemanager.se\/index.php\/wp-json\/wp\/v2\/product\/964","targetHints":{"allow":["GET"]}}],"collection":[{"href":"https:\/\/stage17dec.officemanager.se\/index.php\/wp-json\/wp\/v2\/product"}],"about":[{"href":"https:\/\/stage17dec.officemanager.se\/index.php\/wp-json\/wp\/v2\/types\/product"}],"replies":[{"embeddable":true,"href":"https:\/\/stage17dec.officemanager.se\/index.php\/wp-json\/wp\/v2\/comments?post=964"}],"wp:featuredmedia":[{"embeddable":true,"href":"https:\/\/stage17dec.officemanager.se\/index.php\/wp-json\/wp\/v2\/media\/922"}],"wp:attachment":[{"href":"https:\/\/stage17dec.officemanager.se\/index.php\/wp-json\/wp\/v2\/media?parent=964"}],"wp:term":[{"taxonomy":"product_brand","embeddable":true,"href":"https:\/\/stage17dec.officemanager.se\/index.php\/wp-json\/wp\/v2\/product_brand?post=964"},{"taxonomy":"product_cat","embeddable":true,"href":"https:\/\/stage17dec.officemanager.se\/index.php\/wp-json\/wp\/v2\/product_cat?post=964"},{"taxonomy":"product_tag","embeddable":true,"href":"https:\/\/stage17dec.officemanager.se\/index.php\/wp-json\/wp\/v2\/product_tag?post=964"}],"curies":[{"name":"wp","href":"https:\/\/api.w.org\/{rel}","templated":true}]}}