{"id":972,"date":"2025-12-08T10:06:12","date_gmt":"2025-12-08T10:06:12","guid":{"rendered":"https:\/\/officemanager.se\/?post_type=product&#038;p=972"},"modified":"2025-12-08T10:13:57","modified_gmt":"2025-12-08T10:13:57","slug":"aktmapp-a4-klar","status":"publish","type":"product","link":"https:\/\/stage17dec.officemanager.se\/index.php\/produkt\/aktmapp-a4-klar\/","title":{"rendered":"Aktmapp A4 &#8211; klar"},"content":{"rendered":"<p><span data-sheets-root=\"1\">H\u00e5ll ordning p\u00e5 dina viktiga dokument med denna aktmapp av kraftig klar pr\u00e4glad pvc. \u00d6ppen kort- och l\u00e5ngsida och med tumgrepp. Dess k\u00f6ldt\u00e5liga egenskaper g\u00f6r den l\u00e4mplig f\u00f6r anv\u00e4ndning utomhus. G\u00e5r att f\u00e5 med eller utan logga (enf\u00e4rgad)<br \/>\n<\/span><\/p>\n","protected":false},"excerpt":{"rendered":"<p><span data-sheets-root=\"1\">H\u00e5ll ordning p\u00e5 dina viktiga dokument med denna aktmapp av kraftig klar pr\u00e4glad pvc<\/span><\/p>\n","protected":false},"featured_media":973,"comment_status":"open","ping_status":"closed","template":"","meta":[],"product_brand":[],"product_cat":[31,32,33,17],"product_tag":[18],"class_list":{"0":"post-972","1":"product","2":"type-product","3":"status-publish","4":"has-post-thumbnail","6":"product_cat-kontoret","7":"product_cat-for-advokater","8":"product_cat-for-skola-forskola","9":"product_cat-mappar","10":"product_tag-plastmapp","12":"first","13":"instock","14":"taxable","15":"shipping-taxable","16":"product-type-simple"},"jetpack_sharing_enabled":true,"_links":{"self":[{"href":"https:\/\/stage17dec.officemanager.se\/index.php\/wp-json\/wp\/v2\/product\/972","targetHints":{"allow":["GET"]}}],"collection":[{"href":"https:\/\/stage17dec.officemanager.se\/index.php\/wp-json\/wp\/v2\/product"}],"about":[{"href":"https:\/\/stage17dec.officemanager.se\/index.php\/wp-json\/wp\/v2\/types\/product"}],"replies":[{"embeddable":true,"href":"https:\/\/stage17dec.officemanager.se\/index.php\/wp-json\/wp\/v2\/comments?post=972"}],"wp:featuredmedia":[{"embeddable":true,"href":"https:\/\/stage17dec.officemanager.se\/index.php\/wp-json\/wp\/v2\/media\/973"}],"wp:attachment":[{"href":"https:\/\/stage17dec.officemanager.se\/index.php\/wp-json\/wp\/v2\/media?parent=972"}],"wp:term":[{"taxonomy":"product_brand","embeddable":true,"href":"https:\/\/stage17dec.officemanager.se\/index.php\/wp-json\/wp\/v2\/product_brand?post=972"},{"taxonomy":"product_cat","embeddable":true,"href":"https:\/\/stage17dec.officemanager.se\/index.php\/wp-json\/wp\/v2\/product_cat?post=972"},{"taxonomy":"product_tag","embeddable":true,"href":"https:\/\/stage17dec.officemanager.se\/index.php\/wp-json\/wp\/v2\/product_tag?post=972"}],"curies":[{"name":"wp","href":"https:\/\/api.w.org\/{rel}","templated":true}]}}